{"id":8459,"date":"2023-01-13T16:54:00","date_gmt":"2023-01-13T21:54:00","guid":{"rendered":"https:\/\/bordadoscolombia.com\/?page_id=8459"},"modified":"2023-11-20T17:35:44","modified_gmt":"2023-11-20T22:35:44","slug":"services","status":"publish","type":"page","link":"https:\/\/bordadoscolombia.com\/fr\/services\/","title":{"rendered":"SERVICES"},"content":{"rendered":"<p>[vc_row full_width=\u00a0\u00bbstretch_row\u00a0\u00bb css=\u00a0\u00bb.vc_custom_1673727729163{padding-top: 60px !important;padding-bottom: 60px !important;}\u00a0\u00bb][vc_column]<div id=\"ultimate-heading-75469e17e4d03e56\" class=\"uvc-heading ult-adjust-bottom-margin ultimate-heading-75469e17e4d03e56 uvc-1223  uvc-heading-default-font-sizes\" data-hspacer=\"line_with_icon\" data-hline_width=\"auto\" data-hicon_type=\"custom\" data-hborder_style=\"solid\" data-hborder_height=\"1\" data-hborder_color=\"#ccc\" data-icon_width=\"48\" data-hfixer=\"10\"  data-halign=\"center\" style=\"text-align:center\"><div class=\"uvc-main-heading ult-responsive\"  data-ultimate-target='.uvc-heading.ultimate-heading-75469e17e4d03e56 h2'  data-responsive-json-new='{\"font-size\":\"\",\"line-height\":\"\"}' ><h2 style=\"--font-weight:theme;\">Nos services<\/h2><\/div><div class=\"uvc-heading-spacer line_with_icon\" style=\"top\"><div class=\"ult-just-icon-wrapper  \"><div class=\"align-icon\" style=\"text-align:center;\">\n<div class=\"aio-icon-img \" style=\"font-size:48px;display:inline-block;\" >\n\t<img class=\"img-icon\" alt=\"null\" src=\"https:\/\/bordadoscolombia.com\/wp-content\/uploads\/icon-colombia.png\"\/>\n<\/div><\/div><\/div><\/div><div class=\"uvc-sub-heading ult-responsive\"  data-ultimate-target='.uvc-heading.ultimate-heading-75469e17e4d03e56 .uvc-sub-heading '  data-responsive-json-new='{\"font-size\":\"\",\"line-height\":\"\"}'  style=\"font-weight:normal;\"><\/p>\n<h3 class=\"elementor-heading-title elementor-size-default\" style=\"text-align: center;\">Ce que nous offrons<\/h3>\n<p><\/div><\/div>[vc_column_text]<\/p>\n<p style=\"text-align: center;\">Nos services de broderie sont de qualit\u00e9 et s&rsquo;adressent \u00e0 toutes les entreprises, qu&rsquo;elles soient grandes, moyennes ou petites, dans tous les secteurs d&rsquo;activit\u00e9, et qui souhaitent accro\u00eetre leur notori\u00e9t\u00e9 de mani\u00e8re promotionnelle. Nous proposons \u00e9galement nos services aux particuliers qui souhaitent simplement concr\u00e9tiser leurs id\u00e9es en les personnalisant par le biais d&rsquo;une broderie, que ce soit sur du tissu, des casquettes, des T-shirts et autres v\u00eatements.<\/p>\n<p>[\/vc_column_text][vc_row_inner][vc_column_inner width=\u00a0\u00bb1\/4&Prime;]<div class=\"aio-icon-component    style_1\"><div id=\"Info-box-wrap-7713\" class=\"aio-icon-box top-icon\" style=\"\"  ><div class=\"aio-icon-top\"><div class=\"ult-just-icon-wrapper  \"><div class=\"align-icon\" style=\"text-align:center;\">\n<div class=\"aio-icon-img \" style=\"font-size:70px;display:inline-block;\" >\n\t<img class=\"img-icon\" alt=\"null\" src=\"https:\/\/bordadoscolombia.com\/wp-content\/uploads\/icon-digital.png\"\/>\n<\/div><\/div><\/div><\/div><div class=\"aio-icon-header\" ><h3 class=\"aio-icon-title ult-responsive\"  data-ultimate-target='#Info-box-wrap-7713 .aio-icon-title'  data-responsive-json-new='{\"font-size\":\"desktop:20px;\",\"line-height\":\"\"}'  style=\"\">Programmation et\/ou num\u00e9risation d'images pour la broderie<\/h3><\/div> <!-- header --><\/div> <!-- aio-icon-box --><\/div> <!-- aio-icon-component -->[\/vc_column_inner][vc_column_inner width=\u00a0\u00bb1\/4&Prime;]<div class=\"aio-icon-component    style_1\"><div id=\"Info-box-wrap-5505\" class=\"aio-icon-box top-icon\" style=\"\"  ><div class=\"aio-icon-top\"><div class=\"ult-just-icon-wrapper  \"><div class=\"align-icon\" style=\"text-align:center;\">\n<div class=\"aio-icon-img \" style=\"font-size:70px;display:inline-block;\" >\n\t<img class=\"img-icon\" alt=\"null\" src=\"https:\/\/bordadoscolombia.com\/wp-content\/uploads\/icon-bordado.png\"\/>\n<\/div><\/div><\/div><\/div><div class=\"aio-icon-header\" ><h3 class=\"aio-icon-title ult-responsive\"  data-ultimate-target='#Info-box-wrap-5505 .aio-icon-title'  data-responsive-json-new='{\"font-size\":\"desktop:20px;\",\"line-height\":\"\"}'  style=\"\">Broderies informatis\u00e9es<\/h3><\/div> <!-- header --><\/div> <!-- aio-icon-box --><\/div> <!-- aio-icon-component -->[\/vc_column_inner][vc_column_inner width=\u00a0\u00bb1\/4&Prime;]<div class=\"aio-icon-component    style_1\"><div id=\"Info-box-wrap-4084\" class=\"aio-icon-box top-icon\" style=\"\"  ><div class=\"aio-icon-top\"><div class=\"ult-just-icon-wrapper  \"><div class=\"align-icon\" style=\"text-align:center;\">\n<div class=\"aio-icon-img \" style=\"font-size:70px;display:inline-block;\" >\n\t<img class=\"img-icon\" alt=\"null\" src=\"https:\/\/bordadoscolombia.com\/wp-content\/uploads\/icon-parche.png\"\/>\n<\/div><\/div><\/div><\/div><div class=\"aio-icon-header\" ><h3 class=\"aio-icon-title ult-responsive\"  data-ultimate-target='#Info-box-wrap-4084 .aio-icon-title'  data-responsive-json-new='{\"font-size\":\"desktop:20px;\",\"line-height\":\"\"}'  style=\"\">Broderies avec appliques d\u00e9coup\u00e9es au laser<\/h3><\/div> <!-- header --><\/div> <!-- aio-icon-box --><\/div> <!-- aio-icon-component -->[\/vc_column_inner][vc_column_inner width=\u00a0\u00bb1\/4&Prime;]<div class=\"aio-icon-component    style_1\"><div id=\"Info-box-wrap-5837\" class=\"aio-icon-box top-icon\" style=\"\"  ><div class=\"aio-icon-top\"><div class=\"ult-just-icon-wrapper  \"><div class=\"align-icon\" style=\"text-align:center;\">\n<div class=\"aio-icon-img \" style=\"font-size:70px;display:inline-block;\" >\n\t<img class=\"img-icon\" alt=\"null\" src=\"https:\/\/bordadoscolombia.com\/wp-content\/uploads\/lana-bordado-icon.png\"\/>\n<\/div><\/div><\/div><\/div><div class=\"aio-icon-header\" ><h3 class=\"aio-icon-title ult-responsive\"  data-ultimate-target='#Info-box-wrap-5837 .aio-icon-title'  data-responsive-json-new='{\"font-size\":\"desktop:20px;\",\"line-height\":\"\"}'  style=\"\">Broderies en laine<\/h3><\/div> <!-- header --><\/div> <!-- aio-icon-box --><\/div> <!-- aio-icon-component -->[\/vc_column_inner][\/vc_row_inner][vc_empty_space height=\u00a0\u00bb60&Prime;][vc_row_inner][vc_column_inner width=\u00a0\u00bb1\/3&Prime;]<div class=\"aio-icon-component    style_1\"><div id=\"Info-box-wrap-1383\" class=\"aio-icon-box top-icon\" style=\"\"  ><div class=\"aio-icon-top\"><div class=\"ult-just-icon-wrapper  \"><div class=\"align-icon\" style=\"text-align:center;\">\n<div class=\"aio-icon-img \" style=\"font-size:70px;display:inline-block;\" >\n\t<img class=\"img-icon\" alt=\"null\" src=\"https:\/\/bordadoscolombia.com\/wp-content\/uploads\/camiseta-icon.png\"\/>\n<\/div><\/div><\/div><\/div><div class=\"aio-icon-header\" ><h3 class=\"aio-icon-title ult-responsive\"  data-ultimate-target='#Info-box-wrap-1383 .aio-icon-title'  data-responsive-json-new='{\"font-size\":\"desktop:20px;\",\"line-height\":\"\"}'  style=\"\">T-shirts brod\u00e9s avec des finitions haute d\u00e9finition<\/h3><\/div> <!-- header --><\/div> <!-- aio-icon-box --><\/div> <!-- aio-icon-component -->[\/vc_column_inner][vc_column_inner width=\u00a0\u00bb1\/3&Prime;]<div class=\"aio-icon-component    style_1\"><div id=\"Info-box-wrap-5222\" class=\"aio-icon-box top-icon\" style=\"\"  ><div class=\"aio-icon-top\"><div class=\"ult-just-icon-wrapper  \"><div class=\"align-icon\" style=\"text-align:center;\">\n<div class=\"aio-icon-img \" style=\"font-size:70px;display:inline-block;\" >\n\t<img class=\"img-icon\" alt=\"null\" src=\"https:\/\/bordadoscolombia.com\/wp-content\/uploads\/bordado-icon.png\"\/>\n<\/div><\/div><\/div><\/div><div class=\"aio-icon-header\" ><h3 class=\"aio-icon-title ult-responsive\"  data-ultimate-target='#Info-box-wrap-5222 .aio-icon-title'  data-responsive-json-new='{\"font-size\":\"desktop:20px;\",\"line-height\":\"\"}'  style=\"\">Broderies personnalis\u00e9es<\/h3><\/div> <!-- header --><\/div> <!-- aio-icon-box --><\/div> <!-- aio-icon-component -->[\/vc_column_inner][vc_column_inner width=\u00a0\u00bb1\/3&Prime;]<div class=\"aio-icon-component    style_1\"><div id=\"Info-box-wrap-2190\" class=\"aio-icon-box top-icon\" style=\"\"  ><div class=\"aio-icon-top\"><div class=\"ult-just-icon-wrapper  \"><div class=\"align-icon\" style=\"text-align:center;\">\n<div class=\"aio-icon-img \" style=\"font-size:70px;display:inline-block;\" >\n\t<img class=\"img-icon\" alt=\"null\" src=\"https:\/\/bordadoscolombia.com\/wp-content\/uploads\/icon-gorra.png\"\/>\n<\/div><\/div><\/div><\/div><div class=\"aio-icon-header\" ><h3 class=\"aio-icon-title ult-responsive\"  data-ultimate-target='#Info-box-wrap-2190 .aio-icon-title'  data-responsive-json-new='{\"font-size\":\"desktop:20px;\",\"line-height\":\"\"}'  style=\"\">Broderie sur casquette assembl\u00e9e<\/h3><\/div> <!-- header --><\/div> <!-- aio-icon-box --><\/div> <!-- aio-icon-component -->[\/vc_column_inner][\/vc_row_inner]<style type=\"text\/css\" data-type=\"the7_shortcodes-inline-css\">#default-btn-20aeac2bda19b88b6aa7323c2a602760.ico-right-side > i {\n  margin-right: 0px;\n  margin-left: 8px;\n}\n#default-btn-20aeac2bda19b88b6aa7323c2a602760 > i {\n  margin-right: 8px;\n}\n<\/style><div class=\"btn-align-center\"><a href=\"https:\/\/bordadoscolombia.com\/fr\/nous-joindre\/\" class=\"default-btn-shortcode dt-btn dt-btn-m link-hover-off \" id=\"default-btn-20aeac2bda19b88b6aa7323c2a602760\"><span>NOUS JOINDRE<\/span><\/a><\/div>[\/vc_column][\/vc_row]<\/p>\n","protected":false},"excerpt":{"rendered":"<p>[vc_row full_width=\u00a0\u00bbstretch_row\u00a0\u00bb css=\u00a0\u00bb.vc_custom_1673727729163{padding-top: 60px !important;padding-bottom: 60px !important;}\u00a0\u00bb][vc_column][vc_column_text] Nos services de broderie sont de qualit\u00e9 et s&rsquo;adressent \u00e0 toutes les entreprises, qu&rsquo;elles soient grandes, moyennes ou petites, dans tous les secteurs d&rsquo;activit\u00e9, et qui souhaitent accro\u00eetre leur notori\u00e9t\u00e9 de mani\u00e8re promotionnelle. Nous proposons \u00e9galement nos services aux particuliers qui souhaitent simplement concr\u00e9tiser leurs id\u00e9es en les&hellip;<\/p>\n","protected":false},"author":3,"featured_media":0,"parent":0,"menu_order":0,"comment_status":"closed","ping_status":"closed","template":"","meta":[],"yoast_head":"<!-- This site is optimized with the Yoast SEO plugin v19.5.1 - https:\/\/yoast.com\/wordpress\/plugins\/seo\/ -->\n<title>SERVICES - Bordados Colombia<\/title>\n<meta name=\"robots\" content=\"index, follow, max-snippet:-1, max-image-preview:large, max-video-preview:-1\" \/>\n<link rel=\"canonical\" href=\"https:\/\/bordadoscolombia.com\/fr\/services\/\" \/>\n<meta property=\"og:locale\" content=\"fr_FR\" \/>\n<meta property=\"og:type\" content=\"article\" \/>\n<meta property=\"og:title\" content=\"SERVICES - Bordados Colombia\" \/>\n<meta property=\"og:description\" content=\"[vc_row full_width=\u00a0\u00bbstretch_row\u00a0\u00bb css=\u00a0\u00bb.vc_custom_1673727729163{padding-top: 60px !important;padding-bottom: 60px !important;}\u00a0\u00bb][vc_column][vc_column_text] Nos services de broderie sont de qualit\u00e9 et s&rsquo;adressent \u00e0 toutes les entreprises, qu&rsquo;elles soient grandes, moyennes ou petites, dans tous les secteurs d&rsquo;activit\u00e9, et qui souhaitent accro\u00eetre leur notori\u00e9t\u00e9 de mani\u00e8re promotionnelle. Nous proposons \u00e9galement nos services aux particuliers qui souhaitent simplement concr\u00e9tiser leurs id\u00e9es en les&hellip;\" \/>\n<meta property=\"og:url\" content=\"https:\/\/bordadoscolombia.com\/fr\/services\/\" \/>\n<meta property=\"og:site_name\" content=\"Bordados Colombia\" \/>\n<meta property=\"article:modified_time\" content=\"2023-11-20T22:35:44+00:00\" \/>\n<meta name=\"twitter:card\" content=\"summary_large_image\" \/>\n<meta name=\"twitter:label1\" content=\"Dur\u00e9e de lecture estim\u00e9e\" \/>\n\t<meta name=\"twitter:data1\" content=\"1 minute\" \/>\n<script type=\"application\/ld+json\" class=\"yoast-schema-graph\">{\"@context\":\"https:\/\/schema.org\",\"@graph\":[{\"@type\":\"WebPage\",\"@id\":\"https:\/\/bordadoscolombia.com\/fr\/services\/\",\"url\":\"https:\/\/bordadoscolombia.com\/fr\/services\/\",\"name\":\"SERVICES - Bordados Colombia\",\"isPartOf\":{\"@id\":\"https:\/\/bordadoscolombia.com\/#website\"},\"datePublished\":\"2023-01-13T21:54:00+00:00\",\"dateModified\":\"2023-11-20T22:35:44+00:00\",\"breadcrumb\":{\"@id\":\"https:\/\/bordadoscolombia.com\/fr\/services\/#breadcrumb\"},\"inLanguage\":\"fr-FR\",\"potentialAction\":[{\"@type\":\"ReadAction\",\"target\":[\"https:\/\/bordadoscolombia.com\/fr\/services\/\"]}]},{\"@type\":\"BreadcrumbList\",\"@id\":\"https:\/\/bordadoscolombia.com\/fr\/services\/#breadcrumb\",\"itemListElement\":[{\"@type\":\"ListItem\",\"position\":1,\"name\":\"Accueil\",\"item\":\"https:\/\/bordadoscolombia.com\/fr\/\"},{\"@type\":\"ListItem\",\"position\":2,\"name\":\"SERVICES\"}]},{\"@type\":\"WebSite\",\"@id\":\"https:\/\/bordadoscolombia.com\/#website\",\"url\":\"https:\/\/bordadoscolombia.com\/\",\"name\":\"Bordados Colombia\",\"description\":\"\",\"potentialAction\":[{\"@type\":\"SearchAction\",\"target\":{\"@type\":\"EntryPoint\",\"urlTemplate\":\"https:\/\/bordadoscolombia.com\/?s={search_term_string}\"},\"query-input\":\"required name=search_term_string\"}],\"inLanguage\":\"fr-FR\"}]}<\/script>\n<!-- \/ Yoast SEO plugin. -->","yoast_head_json":{"title":"SERVICES - Bordados Colombia","robots":{"index":"index","follow":"follow","max-snippet":"max-snippet:-1","max-image-preview":"max-image-preview:large","max-video-preview":"max-video-preview:-1"},"canonical":"https:\/\/bordadoscolombia.com\/fr\/services\/","og_locale":"fr_FR","og_type":"article","og_title":"SERVICES - Bordados Colombia","og_description":"[vc_row full_width=\u00a0\u00bbstretch_row\u00a0\u00bb css=\u00a0\u00bb.vc_custom_1673727729163{padding-top: 60px !important;padding-bottom: 60px !important;}\u00a0\u00bb][vc_column][vc_column_text] Nos services de broderie sont de qualit\u00e9 et s&rsquo;adressent \u00e0 toutes les entreprises, qu&rsquo;elles soient grandes, moyennes ou petites, dans tous les secteurs d&rsquo;activit\u00e9, et qui souhaitent accro\u00eetre leur notori\u00e9t\u00e9 de mani\u00e8re promotionnelle. Nous proposons \u00e9galement nos services aux particuliers qui souhaitent simplement concr\u00e9tiser leurs id\u00e9es en les&hellip;","og_url":"https:\/\/bordadoscolombia.com\/fr\/services\/","og_site_name":"Bordados Colombia","article_modified_time":"2023-11-20T22:35:44+00:00","twitter_card":"summary_large_image","twitter_misc":{"Dur\u00e9e de lecture estim\u00e9e":"1 minute"},"schema":{"@context":"https:\/\/schema.org","@graph":[{"@type":"WebPage","@id":"https:\/\/bordadoscolombia.com\/fr\/services\/","url":"https:\/\/bordadoscolombia.com\/fr\/services\/","name":"SERVICES - Bordados Colombia","isPartOf":{"@id":"https:\/\/bordadoscolombia.com\/#website"},"datePublished":"2023-01-13T21:54:00+00:00","dateModified":"2023-11-20T22:35:44+00:00","breadcrumb":{"@id":"https:\/\/bordadoscolombia.com\/fr\/services\/#breadcrumb"},"inLanguage":"fr-FR","potentialAction":[{"@type":"ReadAction","target":["https:\/\/bordadoscolombia.com\/fr\/services\/"]}]},{"@type":"BreadcrumbList","@id":"https:\/\/bordadoscolombia.com\/fr\/services\/#breadcrumb","itemListElement":[{"@type":"ListItem","position":1,"name":"Accueil","item":"https:\/\/bordadoscolombia.com\/fr\/"},{"@type":"ListItem","position":2,"name":"SERVICES"}]},{"@type":"WebSite","@id":"https:\/\/bordadoscolombia.com\/#website","url":"https:\/\/bordadoscolombia.com\/","name":"Bordados Colombia","description":"","potentialAction":[{"@type":"SearchAction","target":{"@type":"EntryPoint","urlTemplate":"https:\/\/bordadoscolombia.com\/?s={search_term_string}"},"query-input":"required name=search_term_string"}],"inLanguage":"fr-FR"}]}},"_links":{"self":[{"href":"https:\/\/bordadoscolombia.com\/fr\/wp-json\/wp\/v2\/pages\/8459"}],"collection":[{"href":"https:\/\/bordadoscolombia.com\/fr\/wp-json\/wp\/v2\/pages"}],"about":[{"href":"https:\/\/bordadoscolombia.com\/fr\/wp-json\/wp\/v2\/types\/page"}],"author":[{"embeddable":true,"href":"https:\/\/bordadoscolombia.com\/fr\/wp-json\/wp\/v2\/users\/3"}],"replies":[{"embeddable":true,"href":"https:\/\/bordadoscolombia.com\/fr\/wp-json\/wp\/v2\/comments?post=8459"}],"version-history":[{"count":0,"href":"https:\/\/bordadoscolombia.com\/fr\/wp-json\/wp\/v2\/pages\/8459\/revisions"}],"wp:attachment":[{"href":"https:\/\/bordadoscolombia.com\/fr\/wp-json\/wp\/v2\/media?parent=8459"}],"curies":[{"name":"wp","href":"https:\/\/api.w.org\/{rel}","templated":true}]}}