{"id":8454,"date":"2023-01-12T15:21:39","date_gmt":"2023-01-12T20:21:39","guid":{"rendered":"https:\/\/bordadoscolombia.com\/?page_id=8454"},"modified":"2023-11-20T17:35:11","modified_gmt":"2023-11-20T22:35:11","slug":"a-propos","status":"publish","type":"page","link":"https:\/\/bordadoscolombia.com\/fr\/a-propos\/","title":{"rendered":"\u00c0 PROPOS"},"content":{"rendered":"<p>[vc_row seperator_enable=\u00a0\u00bbseperator_enable_value\u00a0\u00bb seperator_type=\u00a0\u00bbcurve_down_seperator\u00a0\u00bb seperator_shape_background=\u00a0\u00bb#ffffff\u00a0\u00bb][vc_column][vc_row_inner content_placement=\u00a0\u00bbmiddle\u00a0\u00bb][vc_column_inner width=\u00a0\u00bb1\/2&Prime;]<div id=\"ultimate-heading-485069e193e741393\" class=\"uvc-heading ult-adjust-bottom-margin ultimate-heading-485069e193e741393 uvc-5428  uvc-heading-default-font-sizes\" data-hspacer=\"line_with_icon\" data-hline_width=\"auto\" data-hicon_type=\"custom\" data-hborder_style=\"solid\" data-hborder_height=\"1\" data-hborder_color=\"#ccc\" data-icon_width=\"48\" data-hfixer=\"10\"  data-halign=\"center\" style=\"text-align:center\"><div class=\"uvc-main-heading ult-responsive\"  data-ultimate-target='.uvc-heading.ultimate-heading-485069e193e741393 h2'  data-responsive-json-new='{\"font-size\":\"\",\"line-height\":\"\"}' ><h2 style=\"--font-weight:theme;\">Bordados Colombia<\/h2><\/div><div class=\"uvc-heading-spacer line_with_icon\" style=\"top\"><div class=\"ult-just-icon-wrapper  \"><div class=\"align-icon\" style=\"text-align:center;\">\n<div class=\"aio-icon-img \" style=\"font-size:48px;display:inline-block;\" >\n\t<img class=\"img-icon\" alt=\"null\" src=\"https:\/\/bordadoscolombia.com\/wp-content\/uploads\/icon-colombia.png\"\/>\n<\/div><\/div><\/div><\/div><\/div>[vc_column_text]Nous sommes une micro-entreprise sp\u00e9cialis\u00e9e dans la conception, la programmation, la cr\u00e9ation et la r\u00e9alisation de broderies informatis\u00e9es, en accord avec les besoins de nos clients, garantissant la meilleure qualit\u00e9 et ponctualit\u00e9 dans nos livraisons.[\/vc_column_text]<style type=\"text\/css\" data-type=\"the7_shortcodes-inline-css\">#default-btn-a0caca4cf8e923723e8923c50006c05a.ico-right-side > i {\n  margin-right: 0px;\n  margin-left: 8px;\n}\n#default-btn-a0caca4cf8e923723e8923c50006c05a > i {\n  margin-right: 8px;\n}\n<\/style><div class=\"btn-align-left\"><a href=\"https:\/\/bordadoscolombia.com\/fr\/nous-joindre\/\" class=\"default-btn-shortcode dt-btn dt-btn-m link-hover-off \" id=\"default-btn-a0caca4cf8e923723e8923c50006c05a\"><span>NOUS JOINDRE<\/span><\/a><\/div>[\/vc_column_inner][vc_column_inner width=\u00a0\u00bb1\/2&Prime;][vc_single_image image=\u00a0\u00bb8472&Prime; img_size=\u00a0\u00bbfull\u00a0\u00bb alignment=\u00a0\u00bbcenter\u00a0\u00bb][\/vc_column_inner][\/vc_row_inner][\/vc_column][\/vc_row][vc_row][vc_column][vc_empty_space height=\u00a0\u00bb60&Prime;][\/vc_column][\/vc_row][vc_row full_width=\u00a0\u00bbstretch_row\u00a0\u00bb bg_type=\u00a0\u00bbimage\u00a0\u00bb parallax_style=\u00a0\u00bbvcpb-default\u00a0\u00bb bg_image_new=\u00a0\u00bbid^8476|url^https:\/\/bordadoscolombia.com\/wp-content\/uploads\/back-mision-1.jpg|caption^null|alt^null|title^back-mision|description^null\u00a0\u00bb bg_image_repeat=\u00a0\u00bbno-repeat\u00a0\u00bb enable_overlay=\u00a0\u00bbenable_overlay_value\u00a0\u00bb overlay_color=\u00a0\u00bb#000000&Prime;][vc_column][vc_empty_space height=\u00a0\u00bb100&Prime;][vc_row_inner][vc_column_inner width=\u00a0\u00bb1\/2&Prime;][vc_single_image image=\u00a0\u00bb8472&Prime; img_size=\u00a0\u00bbfull\u00a0\u00bb alignment=\u00a0\u00bbcenter\u00a0\u00bb][\/vc_column_inner][vc_column_inner width=\u00a0\u00bb1\/2&Prime;]<div id=\"ultimate-heading-836669e193e741c11\" class=\"uvc-heading ult-adjust-bottom-margin ultimate-heading-836669e193e741c11 uvc-4018  uvc-heading-default-font-sizes\" data-hspacer=\"no_spacer\"  data-halign=\"left\" style=\"text-align:left\"><div class=\"uvc-heading-spacer no_spacer\" style=\"top\"><\/div><div class=\"uvc-main-heading ult-responsive\"  data-ultimate-target='.uvc-heading.ultimate-heading-836669e193e741c11 h2'  data-responsive-json-new='{\"font-size\":\"\",\"line-height\":\"\"}' ><h2 style=\"--font-weight:theme;color:#ffffff;\">Mission<\/h2><\/div><\/div>[vc_column_text el_class=\u00a0\u00bbblanc\u00a0\u00bb]Notre mission est de fournir des broderies de haute qualit\u00e9 et un service client exceptionnel sur le march\u00e9 du v\u00eatement personnalis\u00e9. Nous travaillons sans rel\u00e2che pour d\u00e9passer les attentes de nos clients en proposant une large gamme d&rsquo;options de conception, de mat\u00e9riaux et de techniques de broderie. Nous nous effor\u00e7ons d&rsquo;\u00eatre des leaders dans l&rsquo;industrie en investissant dans des technologies de pointe et en assurant une formation continue \u00e0 notre \u00e9quipe. Nous sommes engag\u00e9s envers la satisfaction du client et la livraison ponctuelle de produits de haute qualit\u00e9.[\/vc_column_text][\/vc_column_inner][\/vc_row_inner][vc_empty_space height=\u00a0\u00bb100&Prime;][\/vc_column][\/vc_row][vc_row][vc_column][vc_empty_space height=\u00a0\u00bb60&Prime;][\/vc_column][\/vc_row][vc_row][vc_column][vc_row_inner content_placement=\u00a0\u00bbmiddle\u00a0\u00bb][vc_column_inner width=\u00a0\u00bb1\/2&Prime;]<div id=\"ultimate-heading-319069e193e741c75\" class=\"uvc-heading ult-adjust-bottom-margin ultimate-heading-319069e193e741c75 uvc-9151  uvc-heading-default-font-sizes\" data-hspacer=\"no_spacer\"  data-halign=\"left\" style=\"text-align:left\"><div class=\"uvc-heading-spacer no_spacer\" style=\"top\"><\/div><div class=\"uvc-main-heading ult-responsive\"  data-ultimate-target='.uvc-heading.ultimate-heading-319069e193e741c75 h2'  data-responsive-json-new='{\"font-size\":\"\",\"line-height\":\"\"}' ><h2 style=\"--font-weight:theme;\">Vision<\/h2><\/div><\/div>[vc_column_text]Notre vision est de devenir leader dans le domaine de la broderie num\u00e9ris\u00e9e, en offrant des produits de haute qualit\u00e9 et des designs innovants \u00e0 nos clients. Nous nous effor\u00e7ons d&rsquo;\u00eatre reconnus comme une entreprise fiable et cr\u00e9ative, toujours \u00e0 la recherche de moyens d&rsquo;am\u00e9liorer nos processus et services pour r\u00e9pondre aux besoins de nos clients. Notre objectif est d&rsquo;\u00eatre une entreprise durable et responsable, en utilisant des mat\u00e9riaux et des techniques \u00e9thiques tout en respectant l&rsquo;environnement. Nous nous engageons \u00e0 fournir un service exceptionnel et \u00e0 d\u00e9velopper une relation durable avec nos clients, en veillant \u00e0 ce que chacun d&rsquo;eux soit satisfait et fier de ses produits brod\u00e9s.[\/vc_column_text][\/vc_column_inner][vc_column_inner width=\u00a0\u00bb1\/2&Prime;][vc_single_image image=\u00a0\u00bb8420&Prime; img_size=\u00a0\u00bbfull\u00a0\u00bb alignment=\u00a0\u00bbcenter\u00a0\u00bb][\/vc_column_inner][\/vc_row_inner][\/vc_column][\/vc_row]<\/p>\n","protected":false},"excerpt":{"rendered":"<p>[vc_row seperator_enable=\u00a0\u00bbseperator_enable_value\u00a0\u00bb seperator_type=\u00a0\u00bbcurve_down_seperator\u00a0\u00bb seperator_shape_background=\u00a0\u00bb#ffffff\u00a0\u00bb][vc_column][vc_row_inner content_placement=\u00a0\u00bbmiddle\u00a0\u00bb][vc_column_inner width=\u00a0\u00bb1\/2&Prime;][vc_column_text]Nous sommes une micro-entreprise sp\u00e9cialis\u00e9e dans la conception, la programmation, la cr\u00e9ation et la r\u00e9alisation de broderies informatis\u00e9es, en accord avec les besoins de nos clients, garantissant la meilleure qualit\u00e9 et ponctualit\u00e9 dans nos livraisons.[\/vc_column_text][\/vc_column_inner][vc_column_inner width=\u00a0\u00bb1\/2&Prime;][vc_single_image image=\u00a0\u00bb8472&Prime; img_size=\u00a0\u00bbfull\u00a0\u00bb alignment=\u00a0\u00bbcenter\u00a0\u00bb][\/vc_column_inner][\/vc_row_inner][\/vc_column][\/vc_row][vc_row][vc_column][vc_empty_space height=\u00a0\u00bb60&Prime;][\/vc_column][\/vc_row][vc_row full_width=\u00a0\u00bbstretch_row\u00a0\u00bb bg_type=\u00a0\u00bbimage\u00a0\u00bb parallax_style=\u00a0\u00bbvcpb-default\u00a0\u00bb bg_image_new=\u00a0\u00bbid^8476|url^https:\/\/bordadoscolombia.com\/wp-content\/uploads\/back-mision-1.jpg|caption^null|alt^null|title^back-mision|description^null\u00a0\u00bb bg_image_repeat=\u00a0\u00bbno-repeat\u00a0\u00bb enable_overlay=\u00a0\u00bbenable_overlay_value\u00a0\u00bb overlay_color=\u00a0\u00bb#000000&Prime;][vc_column][vc_empty_space height=\u00a0\u00bb100&Prime;][vc_row_inner][vc_column_inner width=\u00a0\u00bb1\/2&Prime;][vc_single_image image=\u00a0\u00bb8472&Prime;&hellip;<\/p>\n","protected":false},"author":3,"featured_media":0,"parent":0,"menu_order":0,"comment_status":"closed","ping_status":"closed","template":"","meta":[],"yoast_head":"<!-- This site is optimized with the Yoast SEO plugin v19.5.1 - https:\/\/yoast.com\/wordpress\/plugins\/seo\/ -->\n<title>\u00c0 PROPOS - Bordados Colombia<\/title>\n<meta name=\"robots\" content=\"index, follow, max-snippet:-1, max-image-preview:large, max-video-preview:-1\" \/>\n<link rel=\"canonical\" href=\"https:\/\/bordadoscolombia.com\/fr\/a-propos\/\" \/>\n<meta property=\"og:locale\" content=\"fr_FR\" \/>\n<meta property=\"og:type\" content=\"article\" \/>\n<meta property=\"og:title\" content=\"\u00c0 PROPOS - Bordados Colombia\" \/>\n<meta property=\"og:description\" content=\"[vc_row seperator_enable=\u00a0\u00bbseperator_enable_value\u00a0\u00bb seperator_type=\u00a0\u00bbcurve_down_seperator\u00a0\u00bb seperator_shape_background=\u00a0\u00bb#ffffff\u00a0\u00bb][vc_column][vc_row_inner content_placement=\u00a0\u00bbmiddle\u00a0\u00bb][vc_column_inner width=\u00a0\u00bb1\/2&Prime;][vc_column_text]Nous sommes une micro-entreprise sp\u00e9cialis\u00e9e dans la conception, la programmation, la cr\u00e9ation et la r\u00e9alisation de broderies informatis\u00e9es, en accord avec les besoins de nos clients, garantissant la meilleure qualit\u00e9 et ponctualit\u00e9 dans nos livraisons.[\/vc_column_text][\/vc_column_inner][vc_column_inner width=\u00a0\u00bb1\/2&Prime;][vc_single_image image=\u00a0\u00bb8472&Prime; img_size=\u00a0\u00bbfull\u00a0\u00bb alignment=\u00a0\u00bbcenter\u00a0\u00bb][\/vc_column_inner][\/vc_row_inner][\/vc_column][\/vc_row][vc_row][vc_column][vc_empty_space height=\u00a0\u00bb60&Prime;][\/vc_column][\/vc_row][vc_row full_width=\u00a0\u00bbstretch_row\u00a0\u00bb bg_type=\u00a0\u00bbimage\u00a0\u00bb parallax_style=\u00a0\u00bbvcpb-default\u00a0\u00bb bg_image_new=\u00a0\u00bbid^8476|url^https:\/\/bordadoscolombia.com\/wp-content\/uploads\/back-mision-1.jpg|caption^null|alt^null|title^back-mision|description^null\u00a0\u00bb bg_image_repeat=\u00a0\u00bbno-repeat\u00a0\u00bb enable_overlay=\u00a0\u00bbenable_overlay_value\u00a0\u00bb overlay_color=\u00a0\u00bb#000000&Prime;][vc_column][vc_empty_space height=\u00a0\u00bb100&Prime;][vc_row_inner][vc_column_inner width=\u00a0\u00bb1\/2&Prime;][vc_single_image image=\u00a0\u00bb8472&Prime;&hellip;\" \/>\n<meta property=\"og:url\" content=\"https:\/\/bordadoscolombia.com\/fr\/a-propos\/\" \/>\n<meta property=\"og:site_name\" content=\"Bordados Colombia\" \/>\n<meta property=\"article:modified_time\" content=\"2023-11-20T22:35:11+00:00\" \/>\n<meta name=\"twitter:card\" content=\"summary_large_image\" \/>\n<meta name=\"twitter:label1\" content=\"Dur\u00e9e de lecture estim\u00e9e\" \/>\n\t<meta name=\"twitter:data1\" content=\"2 minutes\" \/>\n<script type=\"application\/ld+json\" class=\"yoast-schema-graph\">{\"@context\":\"https:\/\/schema.org\",\"@graph\":[{\"@type\":\"WebPage\",\"@id\":\"https:\/\/bordadoscolombia.com\/fr\/a-propos\/\",\"url\":\"https:\/\/bordadoscolombia.com\/fr\/a-propos\/\",\"name\":\"\u00c0 PROPOS - Bordados Colombia\",\"isPartOf\":{\"@id\":\"https:\/\/bordadoscolombia.com\/#website\"},\"datePublished\":\"2023-01-12T20:21:39+00:00\",\"dateModified\":\"2023-11-20T22:35:11+00:00\",\"breadcrumb\":{\"@id\":\"https:\/\/bordadoscolombia.com\/fr\/a-propos\/#breadcrumb\"},\"inLanguage\":\"fr-FR\",\"potentialAction\":[{\"@type\":\"ReadAction\",\"target\":[\"https:\/\/bordadoscolombia.com\/fr\/a-propos\/\"]}]},{\"@type\":\"BreadcrumbList\",\"@id\":\"https:\/\/bordadoscolombia.com\/fr\/a-propos\/#breadcrumb\",\"itemListElement\":[{\"@type\":\"ListItem\",\"position\":1,\"name\":\"Accueil\",\"item\":\"https:\/\/bordadoscolombia.com\/fr\/\"},{\"@type\":\"ListItem\",\"position\":2,\"name\":\"\u00c0 PROPOS\"}]},{\"@type\":\"WebSite\",\"@id\":\"https:\/\/bordadoscolombia.com\/#website\",\"url\":\"https:\/\/bordadoscolombia.com\/\",\"name\":\"Bordados Colombia\",\"description\":\"\",\"potentialAction\":[{\"@type\":\"SearchAction\",\"target\":{\"@type\":\"EntryPoint\",\"urlTemplate\":\"https:\/\/bordadoscolombia.com\/?s={search_term_string}\"},\"query-input\":\"required name=search_term_string\"}],\"inLanguage\":\"fr-FR\"}]}<\/script>\n<!-- \/ Yoast SEO plugin. -->","yoast_head_json":{"title":"\u00c0 PROPOS - Bordados Colombia","robots":{"index":"index","follow":"follow","max-snippet":"max-snippet:-1","max-image-preview":"max-image-preview:large","max-video-preview":"max-video-preview:-1"},"canonical":"https:\/\/bordadoscolombia.com\/fr\/a-propos\/","og_locale":"fr_FR","og_type":"article","og_title":"\u00c0 PROPOS - Bordados Colombia","og_description":"[vc_row seperator_enable=\u00a0\u00bbseperator_enable_value\u00a0\u00bb seperator_type=\u00a0\u00bbcurve_down_seperator\u00a0\u00bb seperator_shape_background=\u00a0\u00bb#ffffff\u00a0\u00bb][vc_column][vc_row_inner content_placement=\u00a0\u00bbmiddle\u00a0\u00bb][vc_column_inner width=\u00a0\u00bb1\/2&Prime;][vc_column_text]Nous sommes une micro-entreprise sp\u00e9cialis\u00e9e dans la conception, la programmation, la cr\u00e9ation et la r\u00e9alisation de broderies informatis\u00e9es, en accord avec les besoins de nos clients, garantissant la meilleure qualit\u00e9 et ponctualit\u00e9 dans nos livraisons.[\/vc_column_text][\/vc_column_inner][vc_column_inner width=\u00a0\u00bb1\/2&Prime;][vc_single_image image=\u00a0\u00bb8472&Prime; img_size=\u00a0\u00bbfull\u00a0\u00bb alignment=\u00a0\u00bbcenter\u00a0\u00bb][\/vc_column_inner][\/vc_row_inner][\/vc_column][\/vc_row][vc_row][vc_column][vc_empty_space height=\u00a0\u00bb60&Prime;][\/vc_column][\/vc_row][vc_row full_width=\u00a0\u00bbstretch_row\u00a0\u00bb bg_type=\u00a0\u00bbimage\u00a0\u00bb parallax_style=\u00a0\u00bbvcpb-default\u00a0\u00bb bg_image_new=\u00a0\u00bbid^8476|url^https:\/\/bordadoscolombia.com\/wp-content\/uploads\/back-mision-1.jpg|caption^null|alt^null|title^back-mision|description^null\u00a0\u00bb bg_image_repeat=\u00a0\u00bbno-repeat\u00a0\u00bb enable_overlay=\u00a0\u00bbenable_overlay_value\u00a0\u00bb overlay_color=\u00a0\u00bb#000000&Prime;][vc_column][vc_empty_space height=\u00a0\u00bb100&Prime;][vc_row_inner][vc_column_inner width=\u00a0\u00bb1\/2&Prime;][vc_single_image image=\u00a0\u00bb8472&Prime;&hellip;","og_url":"https:\/\/bordadoscolombia.com\/fr\/a-propos\/","og_site_name":"Bordados Colombia","article_modified_time":"2023-11-20T22:35:11+00:00","twitter_card":"summary_large_image","twitter_misc":{"Dur\u00e9e de lecture estim\u00e9e":"2 minutes"},"schema":{"@context":"https:\/\/schema.org","@graph":[{"@type":"WebPage","@id":"https:\/\/bordadoscolombia.com\/fr\/a-propos\/","url":"https:\/\/bordadoscolombia.com\/fr\/a-propos\/","name":"\u00c0 PROPOS - Bordados Colombia","isPartOf":{"@id":"https:\/\/bordadoscolombia.com\/#website"},"datePublished":"2023-01-12T20:21:39+00:00","dateModified":"2023-11-20T22:35:11+00:00","breadcrumb":{"@id":"https:\/\/bordadoscolombia.com\/fr\/a-propos\/#breadcrumb"},"inLanguage":"fr-FR","potentialAction":[{"@type":"ReadAction","target":["https:\/\/bordadoscolombia.com\/fr\/a-propos\/"]}]},{"@type":"BreadcrumbList","@id":"https:\/\/bordadoscolombia.com\/fr\/a-propos\/#breadcrumb","itemListElement":[{"@type":"ListItem","position":1,"name":"Accueil","item":"https:\/\/bordadoscolombia.com\/fr\/"},{"@type":"ListItem","position":2,"name":"\u00c0 PROPOS"}]},{"@type":"WebSite","@id":"https:\/\/bordadoscolombia.com\/#website","url":"https:\/\/bordadoscolombia.com\/","name":"Bordados Colombia","description":"","potentialAction":[{"@type":"SearchAction","target":{"@type":"EntryPoint","urlTemplate":"https:\/\/bordadoscolombia.com\/?s={search_term_string}"},"query-input":"required name=search_term_string"}],"inLanguage":"fr-FR"}]}},"_links":{"self":[{"href":"https:\/\/bordadoscolombia.com\/fr\/wp-json\/wp\/v2\/pages\/8454"}],"collection":[{"href":"https:\/\/bordadoscolombia.com\/fr\/wp-json\/wp\/v2\/pages"}],"about":[{"href":"https:\/\/bordadoscolombia.com\/fr\/wp-json\/wp\/v2\/types\/page"}],"author":[{"embeddable":true,"href":"https:\/\/bordadoscolombia.com\/fr\/wp-json\/wp\/v2\/users\/3"}],"replies":[{"embeddable":true,"href":"https:\/\/bordadoscolombia.com\/fr\/wp-json\/wp\/v2\/comments?post=8454"}],"version-history":[{"count":0,"href":"https:\/\/bordadoscolombia.com\/fr\/wp-json\/wp\/v2\/pages\/8454\/revisions"}],"wp:attachment":[{"href":"https:\/\/bordadoscolombia.com\/fr\/wp-json\/wp\/v2\/media?parent=8454"}],"curies":[{"name":"wp","href":"https:\/\/api.w.org\/{rel}","templated":true}]}}